{"id":2133,"date":"2019-11-28T23:16:28","date_gmt":"2019-11-28T22:16:28","guid":{"rendered":"http:\/\/curios-test.iut-tlse3.fr\/?page_id=2133"},"modified":"2025-02-24T13:16:56","modified_gmt":"2025-02-24T12:16:56","slug":"a-propos","status":"publish","type":"page","link":"http:\/\/curios.iut-tlse3.fr\/?page_id=2133","title":{"rendered":"Qui se cache derri\u00e8re Curios&rsquo;Iut ?"},"content":{"rendered":"\n<p>Curios&rsquo;IUT est un journal r\u00e9alis\u00e9 par les \u00e9tudiant-es du D\u00e9partement Information et Communication \u00e0 l&rsquo;IUT Paul Sabatier. Il s&rsquo;adresse principalement aux \u00e9tudiants-es du m\u00eame \u00e9tablissement et vise un plus large lectorat. <\/p>\n\n\n\n<p>Curios&rsquo;IUT est un m\u00e9dia propuls\u00e9 par Elyes Chaouch en 2017 et la succession d&rsquo;une \u00e9quipe r\u00e9dactionnelle regroupant des \u00e9tudiants-es allant de 1\u00e8re ann\u00e9e de BUT \u00e0 2\u00e8me ann\u00e9e de Master Information et communication.<\/p>\n\n\n\n<p>Dans un objectif de d\u00e9cloisonner les diff\u00e9rents d\u00e9partements de l&rsquo;IUT, Curios&rsquo;IUT souhaite couvrir l&rsquo;actualit\u00e9 de ces derniers comme celui de Rangueil par exemple, afin de ne plus \u00eatre un m\u00e9dia de niche mais un m\u00e9dia \u00e9tudiant pouvant plaire \u00e0 tous-tes.<\/p>\n\n\n\n<h1 class=\"wp-block-heading\">\u00c9dition 2024-2025<\/h1>\n\n\n\n<p><strong>Directrices de publications<\/strong> <strong>: <\/strong><\/p>\n\n\n\n<ul>\n<li>Lorie Reber<\/li>\n\n\n\n<li>Vanessa Ekhaguere<\/li>\n<\/ul>\n\n\n\n<p><strong>\u00c9quipe r\u00e9daction et animation de podcasts :<\/strong><\/p>\n\n\n\n<ul>\n<li>L\u00e9onie Duplanil <\/li>\n\n\n\n<li>Oph\u00e9lie Monino<\/li>\n\n\n\n<li>Loan Jean<\/li>\n\n\n\n<li>Maylis Amoros<\/li>\n<\/ul>\n\n\n\n<h3 class=\"wp-block-heading\">Elyes Chaouch, fondateur du m\u00e9dia en 2017<\/h3>\n\n\n\n<figure class=\"wp-block-image\"><a href=\"http:\/\/curios.iut-tlse3.fr\/wp-content\/uploads\/2022\/01\/1614335424784.jpg\"><img decoding=\"async\" src=\"http:\/\/curios.iut-tlse3.fr\/wp-content\/uploads\/2022\/01\/1614335424784-150x150.jpg\" alt=\"Elyes Chaouch, fondateur de la r\u00e9daction\"\/><\/a><\/figure>\n\n\n\n<p><\/p>\n\n\n\n<p>En 2020-2021, l&rsquo;\u00e9quipe r\u00e9dactionnelle a lanc\u00e9 le podcast du journal, <a href=\"https:\/\/open.spotify.com\/show\/5vVhU5mEl5HakU6emm2v2x?si=3MUnXqG3TtmqAR0Z89LsLQ\" target=\"_blank\" rel=\"noopener noreferrer\">Pod&rsquo;Curios<\/a>, dans le but de rendre compte de la vie et des initiatives \u00e9tudiantes.<\/p>\n\n\n\n<p><iframe loading=\"lazy\" src=\"https:\/\/open.spotify.com\/embed-podcast\/show\/5vVhU5mEl5HakU6emm2v2x\" width=\"100%\" height=\"232\" frameborder=\"0\"><\/iframe><\/p>\n\n\n\n<p>Vous avez des questions sur la r\u00e9daction, souhaitez en faire partie, nous envoyer une contribution ou des remarques concernant nos articles ? N&rsquo;h\u00e9sitez pas \u00e0 nous contacter via notre <a href=\"http:\/\/curios.iut-tlse3.fr\/?page_id=2284\" target=\"_blank\" rel=\"noopener noreferrer\">formulaire contact<\/a> ou directement par mail \u00e0 l&rsquo;adresse : curios.iut@gmail.com <\/p>\n","protected":false},"excerpt":{"rendered":"<p>Curios&rsquo;IUT est un journal r\u00e9alis\u00e9 par les \u00e9tudiant-es du D\u00e9partement Information et Communication \u00e0 l&rsquo;IUT Paul Sabatier. Il s&rsquo;adresse principalement aux \u00e9tudiants-es du m\u00eame \u00e9tablissement et vise un plus large lectorat. Curios&rsquo;IUT est un m\u00e9dia propuls\u00e9 par Elyes Chaouch en 2017 et la succession d&rsquo;une \u00e9quipe r\u00e9dactionnelle regroupant des \u00e9tudiants-es allant de 1\u00e8re ann\u00e9e de BUT \u00e0 2\u00e8me ann\u00e9e de Master Information et communication. Dans &hellip; <a href=\"http:\/\/curios.iut-tlse3.fr\/?page_id=2133\" class=\"more-link\">Continuer de lire <span class=\"screen-reader-text\">Qui se cache derri\u00e8re Curios&rsquo;Iut ?<\/span><\/a><\/p>\n","protected":false},"author":1,"featured_media":0,"parent":0,"menu_order":0,"comment_status":"closed","ping_status":"closed","template":"","meta":{"footnotes":""},"_links":{"self":[{"href":"http:\/\/curios.iut-tlse3.fr\/index.php?rest_route=\/wp\/v2\/pages\/2133"}],"collection":[{"href":"http:\/\/curios.iut-tlse3.fr\/index.php?rest_route=\/wp\/v2\/pages"}],"about":[{"href":"http:\/\/curios.iut-tlse3.fr\/index.php?rest_route=\/wp\/v2\/types\/page"}],"author":[{"embeddable":true,"href":"http:\/\/curios.iut-tlse3.fr\/index.php?rest_route=\/wp\/v2\/users\/1"}],"replies":[{"embeddable":true,"href":"http:\/\/curios.iut-tlse3.fr\/index.php?rest_route=%2Fwp%2Fv2%2Fcomments&post=2133"}],"version-history":[{"count":29,"href":"http:\/\/curios.iut-tlse3.fr\/index.php?rest_route=\/wp\/v2\/pages\/2133\/revisions"}],"predecessor-version":[{"id":4057,"href":"http:\/\/curios.iut-tlse3.fr\/index.php?rest_route=\/wp\/v2\/pages\/2133\/revisions\/4057"}],"wp:attachment":[{"href":"http:\/\/curios.iut-tlse3.fr\/index.php?rest_route=%2Fwp%2Fv2%2Fmedia&parent=2133"}],"curies":[{"name":"wp","href":"https:\/\/api.w.org\/{rel}","templated":true}]}}