{"id":2284,"date":"2020-02-09T00:46:52","date_gmt":"2020-02-08T23:46:52","guid":{"rendered":"http:\/\/curios.iut-tlse3.fr\/?page_id=2284"},"modified":"2020-05-11T04:04:17","modified_gmt":"2020-05-11T02:04:17","slug":"contact","status":"publish","type":"page","link":"http:\/\/curios.iut-tlse3.fr\/?page_id=2284","title":{"rendered":"Contact"},"content":{"rendered":"<p><a href=\"\">Vous souhaitez rejoindre la r\u00e9daction ?<\/a><\/p>\n<p>Pour rejoindre la r\u00e9daction, vous pouvez remplir le formulaire ci-dessous en pr\u00e9cisant votre demande, envoyer un mail \u00e0 l&rsquo;adresse suivante : jouweb.infocom.tlse[@]gmail.com, nous contacter sur les r\u00e9seaux sociaux ou parler directement avec un membre de la r\u00e9daction !<\/p>\n<p>\t\t\t\t\t\t\t\t\t\t\t\t<a href=\"\">Vous \u00eates \u00e9tudiants.es et aimeriez que la r\u00e9daction couvre votre \u00e9v\u00e9nement ?<\/a><\/p>\n<p>\u00c0 Curios&rsquo;Iut, on aime mettre en avant les initiatives \u00e9tudiantes ou les projets tutor\u00e9s. Cependant, comme pour la presse professionnelle, il y a un certain process \u00e0 respecter ! Si vous souhaitez que la r\u00e9daction couvre votre \u00e9v\u00e9nement, vous pouvez envoyer un communiqu\u00e9 de presse \u00e0 l&rsquo;adresse suivante : jouweb.infocom.tlse[@]gmail.com. Attention toutefois,la r\u00e9daction se garde le droit de r\u00e9diger ou non un article en fonction de son planning !<\/p>\n<p>\t\t\t\t\t\t\t\t\t\t\t\t<a href=\"\">Un de nos articles comporte des informations erron\u00e9es ?<\/a><\/p>\n<p>Merci de remplir le formulaire ci-dessous en nous pr\u00e9cisant le titre de l&rsquo;article et\/ou sa date de parution ainsi que la partie fauss\u00e9e !<\/p>\n<p>\t\t\t\t\t\t\t\t\t\t\t\t<a href=\"\">Vous souhaitez un droit de r\u00e9ponse suite \u00e0 la diffusion d&rsquo;un article ?<\/a><\/p>\n<p>Merci de remplir le formulaire ci-dessous en pr\u00e9cisant dans votre message que vous souhaitez obtenir un droit de r\u00e9ponse ainsi que le titre de l&rsquo;article en question. Vous pouvez \u00e9galement contacter directement la r\u00e9daction \u00e0 l&rsquo;adresse suivante : jouweb.infocom.tlse[@]gmail.com<\/p>\n<p>[ninja_form id=1]<\/p>\n","protected":false},"excerpt":{"rendered":"<p>Vous souhaitez rejoindre la r\u00e9daction ? Pour rejoindre la r\u00e9daction, vous pouvez remplir le formulaire ci-dessous en pr\u00e9cisant votre demande, envoyer un mail \u00e0 l&rsquo;adresse suivante : jouweb.infocom.tlse[@]gmail.com, nous contacter sur les r\u00e9seaux sociaux ou parler directement avec un membre de la r\u00e9daction ! Vous \u00eates \u00e9tudiants.es et aimeriez que la r\u00e9daction couvre votre \u00e9v\u00e9nement ? \u00c0 Curios&rsquo;Iut, on aime mettre en avant les initiatives &hellip; <a href=\"http:\/\/curios.iut-tlse3.fr\/?page_id=2284\" class=\"more-link\">Continuer de lire <span class=\"screen-reader-text\">Contact<\/span><\/a><\/p>\n","protected":false},"author":1,"featured_media":0,"parent":0,"menu_order":0,"comment_status":"closed","ping_status":"closed","template":"","meta":{"footnotes":""},"_links":{"self":[{"href":"http:\/\/curios.iut-tlse3.fr\/index.php?rest_route=\/wp\/v2\/pages\/2284"}],"collection":[{"href":"http:\/\/curios.iut-tlse3.fr\/index.php?rest_route=\/wp\/v2\/pages"}],"about":[{"href":"http:\/\/curios.iut-tlse3.fr\/index.php?rest_route=\/wp\/v2\/types\/page"}],"author":[{"embeddable":true,"href":"http:\/\/curios.iut-tlse3.fr\/index.php?rest_route=\/wp\/v2\/users\/1"}],"replies":[{"embeddable":true,"href":"http:\/\/curios.iut-tlse3.fr\/index.php?rest_route=%2Fwp%2Fv2%2Fcomments&post=2284"}],"version-history":[{"count":5,"href":"http:\/\/curios.iut-tlse3.fr\/index.php?rest_route=\/wp\/v2\/pages\/2284\/revisions"}],"predecessor-version":[{"id":3082,"href":"http:\/\/curios.iut-tlse3.fr\/index.php?rest_route=\/wp\/v2\/pages\/2284\/revisions\/3082"}],"wp:attachment":[{"href":"http:\/\/curios.iut-tlse3.fr\/index.php?rest_route=%2Fwp%2Fv2%2Fmedia&parent=2284"}],"curies":[{"name":"wp","href":"https:\/\/api.w.org\/{rel}","templated":true}]}}